{"id":586,"date":"2020-10-16T13:39:32","date_gmt":"2020-10-16T11:39:32","guid":{"rendered":"http:\/\/serwer1633707.online.pro\/wp\/?page_id=586"},"modified":"2020-10-16T13:53:32","modified_gmt":"2020-10-16T11:53:32","slug":"ramowy-rozklad-dnia","status":"publish","type":"page","link":"https:\/\/pp32wloclawek.pl\/?page_id=586","title":{"rendered":"Ramowy rozk\u0142ad dnia"},"content":{"rendered":"<p><a href=\"http:\/\/serwer1633707.online.pro\/wp\/wp-content\/uploads\/2020\/10\/RAMOWY-ROZK\u0141AD-DNIA-DZIECI-M\u0141ODSZE.doc\">RAMOWY ROZK\u0141AD DNIA GRUPY M\u0141ODSZE<\/a><\/p>\n<p><a href=\"http:\/\/serwer1633707.online.pro\/wp\/wp-content\/uploads\/2020\/10\/RAMOWY-ROZK\u0141AD-DNIA-DZIECI-STARSZE.doc\">RAMOWY ROZK\u0141AD DNIA GRUPY STARSZE<\/a><\/p>\n","protected":false},"excerpt":{"rendered":"<p>RAMOWY ROZK\u0141AD DNIA GRUPY M\u0141ODSZE RAMOWY ROZK\u0141AD DNIA GRUPY STARSZE<\/p>\n","protected":false},"author":1,"featured_media":0,"parent":0,"menu_order":0,"comment_status":"closed","ping_status":"closed","template":"","meta":{"two_page_speed":[],"footnotes":""},"class_list":["post-586","page","type-page","status-publish","hentry"],"_links":{"self":[{"href":"https:\/\/pp32wloclawek.pl\/index.php?rest_route=\/wp\/v2\/pages\/586","targetHints":{"allow":["GET"]}}],"collection":[{"href":"https:\/\/pp32wloclawek.pl\/index.php?rest_route=\/wp\/v2\/pages"}],"about":[{"href":"https:\/\/pp32wloclawek.pl\/index.php?rest_route=\/wp\/v2\/types\/page"}],"author":[{"embeddable":true,"href":"https:\/\/pp32wloclawek.pl\/index.php?rest_route=\/wp\/v2\/users\/1"}],"replies":[{"embeddable":true,"href":"https:\/\/pp32wloclawek.pl\/index.php?rest_route=%2Fwp%2Fv2%2Fcomments&post=586"}],"version-history":[{"count":2,"href":"https:\/\/pp32wloclawek.pl\/index.php?rest_route=\/wp\/v2\/pages\/586\/revisions"}],"predecessor-version":[{"id":599,"href":"https:\/\/pp32wloclawek.pl\/index.php?rest_route=\/wp\/v2\/pages\/586\/revisions\/599"}],"wp:attachment":[{"href":"https:\/\/pp32wloclawek.pl\/index.php?rest_route=%2Fwp%2Fv2%2Fmedia&parent=586"}],"curies":[{"name":"wp","href":"https:\/\/api.w.org\/{rel}","templated":true}]}}