{"id":43,"date":"2017-12-12T21:18:56","date_gmt":"2017-12-12T20:18:56","guid":{"rendered":"http:\/\/serwer1633707.online.pro\/wp\/?page_id=43"},"modified":"2021-09-24T11:24:36","modified_gmt":"2021-09-24T09:24:36","slug":"logopedia","status":"publish","type":"page","link":"https:\/\/pp32wloclawek.pl\/?page_id=43","title":{"rendered":"Logopedia"},"content":{"rendered":"<p><strong>PROCEDURA PRACY LOGOPEDY W PRZEDSZKOLU PUBLICZNYM NR 32 JA\u015a I MA\u0141GOSIA<\/strong><\/p>\n<p>1. Przygotowanie list imiennych dzieci w celu uzyskania zgody rodzic\u00f3w na udzia\u0142 ich dziecka w przesiewowych i pog\u0142\u0119bionych badaniach logopedycznych na dzie\u0144 1 wrze\u015bnia.<\/p>\n<p>2. Rodzice wyra\u017caj\u0105 zgod\u0119 na przeprowadzenie przesiewowych bada\u0144 logopedycznych ich dzieci na terenie plac\u00f3wki, sk\u0142adaj\u0105c podpis na w\u0142a\u015bciwej li\u015bcie na pierwszym zebraniu dla rodzic\u00f3w lub w innym dogodnym terminie, jak najszybciej jest to mo\u017cliwe.<\/p>\n<p>3. Przedstawienie si\u0119 przez logoped\u0119 rodzicom oraz przedstawienie oferty pomocy logopedycznej. Om\u00f3wienie zasad wsp\u00f3\u0142pracy pomi\u0119dzy logoped\u0105 a rodzicami na pierwszym zebraniu dla rodzic\u00f3w.<\/p>\n<p>4. Obserwacja i badania mowy dzieci w szkole we wrze\u015bniu.<\/p>\n<p>5. Tworzenie listy nowych dzieci, kt\u00f3re powinny znale\u017a\u0107 si\u0119 pod opiek\u0105 logopedy do ko\u0144ca wrze\u015bnia.<\/p>\n<p>6. Badania kontrolne mowy dzieci obj\u0119tych terapi\u0105 logopedyczn\u0105 w roku poprzednim.<\/p>\n<p>7. Kwalifikacja do kontynuacji terapii logopedycznej we wrze\u015bniu.<\/p>\n<p>8. Ustalenie pe\u0142nej listy dzieci na koniec wrze\u015bnia.<\/p>\n<p>9. Podpisanie zgody na udzia\u0142 dziecka w terapii logopedycznej i zawarcie kontraktu dotycz\u0105cego zasad wsp\u00f3\u0142pracy logopedy z rodzicami. Czynno\u015bci te obowi\u0105zuj\u0105 r\u00f3wnie\u017c rodzic\u00f3w dzieci, dla kt\u00f3rych przewidywana jest kontynuacja terapii logopedycznej.<\/p>\n<p>10. Rozpocz\u0119cie terapii logopedycznej niezw\u0142ocznie po zawarciu kontraktu z rodzicami.<\/p>\n<p>11. Systematyczna terapia logopedyczna realizowana na terenie plac\u00f3wki i przekazywanie \u0107wicze\u0144 logopedycznych do utrwalania w domu przy cyklicznych konsultacjach z rodzicami.<\/p>\n<p>12. Zako\u0144czenie terapii logopedycznej w danej plac\u00f3wce nast\u0119puje, gdy:<\/p>\n<p>&#8211; dziecko m\u00f3wi poprawnie;<\/p>\n<p>&#8211; d\u0142ugotrwa\u0142a (powy\u017cej trzech lat) terapia logopedyczna nie przynosi poprawy mowy;<\/p>\n<p>&#8211; pomimo podejmowanych przez logoped\u0119 dzia\u0142a\u0144 rodzice nie w\u0142\u0105czaj\u0105 si\u0119 do wsp\u00f3\u0142pracy,a mowa dziecka nie ulega poprawie (decyzja podj\u0119ta w porozumieniu z dyrektorem przedszkola);<\/p>\n<p>&#8211; dziecko zmieni plac\u00f3wk\u0119 na inn\u0105;<\/p>\n<p>&#8211; rodzice zrezygnuj\u0105 z terapii logopedycznej prowadzonej w przedszkolu (rezygnacja w formie pisemnej).<\/p>\n","protected":false},"excerpt":{"rendered":"<p>PROCEDURA PRACY LOGOPEDY W PRZEDSZKOLU PUBLICZNYM NR 32 JA\u015a I MA\u0141GOSIA 1. Przygotowanie list imiennych dzieci w celu uzyskania zgody rodzic\u00f3w na udzia\u0142 ich dziecka w przesiewowych i pog\u0142\u0119bionych badaniach&hellip;<\/p>\n<div class=\"read-more\"><a href=\"https:\/\/pp32wloclawek.pl\/?page_id=43\" class=\"read-more-link\">czytaj wi\u0119cej&#8230;<\/a><\/div>\n","protected":false},"author":1,"featured_media":0,"parent":594,"menu_order":0,"comment_status":"closed","ping_status":"closed","template":"","meta":{"two_page_speed":[],"footnotes":""},"class_list":["post-43","page","type-page","status-publish","hentry"],"_links":{"self":[{"href":"https:\/\/pp32wloclawek.pl\/index.php?rest_route=\/wp\/v2\/pages\/43","targetHints":{"allow":["GET"]}}],"collection":[{"href":"https:\/\/pp32wloclawek.pl\/index.php?rest_route=\/wp\/v2\/pages"}],"about":[{"href":"https:\/\/pp32wloclawek.pl\/index.php?rest_route=\/wp\/v2\/types\/page"}],"author":[{"embeddable":true,"href":"https:\/\/pp32wloclawek.pl\/index.php?rest_route=\/wp\/v2\/users\/1"}],"replies":[{"embeddable":true,"href":"https:\/\/pp32wloclawek.pl\/index.php?rest_route=%2Fwp%2Fv2%2Fcomments&post=43"}],"version-history":[{"count":2,"href":"https:\/\/pp32wloclawek.pl\/index.php?rest_route=\/wp\/v2\/pages\/43\/revisions"}],"predecessor-version":[{"id":254,"href":"https:\/\/pp32wloclawek.pl\/index.php?rest_route=\/wp\/v2\/pages\/43\/revisions\/254"}],"up":[{"embeddable":true,"href":"https:\/\/pp32wloclawek.pl\/index.php?rest_route=\/wp\/v2\/pages\/594"}],"wp:attachment":[{"href":"https:\/\/pp32wloclawek.pl\/index.php?rest_route=%2Fwp%2Fv2%2Fmedia&parent=43"}],"curies":[{"name":"wp","href":"https:\/\/api.w.org\/{rel}","templated":true}]}}