{"id":356,"date":"2019-04-05T21:37:56","date_gmt":"2019-04-05T19:37:56","guid":{"rendered":"http:\/\/serwer1633707.online.pro\/wp\/?page_id=356"},"modified":"2025-11-19T12:41:05","modified_gmt":"2025-11-19T11:41:05","slug":"pracownicy-2","status":"publish","type":"page","link":"https:\/\/pp32wloclawek.pl\/?page_id=356","title":{"rendered":"Pracownicy"},"content":{"rendered":"<div class=\"art-postcontent clearfix\">\n<div class=\"art-article\">\n<p><strong>Pracownicy<\/strong><\/p>\n<p>Nad prawid\u0142ow\u0105 organizacj\u0105 pracy w naszym przedszkolu czuwaj\u0105:<\/p>\n<p><strong>Dyrektor<\/strong><\/p>\n<p>mgr Maja Wi\u015bniewska &#8211; nauczyciel dyplomowany<\/p>\n<p><strong>Wicedyrektor<\/strong><\/p>\n<p>mgr Dorota Brykner &#8211; nauczyciel dyplomowany<\/p>\n<p>&nbsp;<\/p>\n<p><strong>O sfer\u0119 edukacyjn\u0105 dbaj\u0105 nauczyciele:<\/strong><\/p>\n<p>mgr Marzena Andrzejewska &#8211; nauczyciel dyplomowany<\/p>\n<p>mgr Aleksandra Nowakowska &#8211; nauczyciel kontraktowy<\/p>\n<p>mgr Anna Bogdanowicz, katecheta &#8211; nauczyciel dyplomowany<\/p>\n<p>mgr Katarzyna Kruszczy\u0144ska &#8211; nauczyciel\u00a0 dyplomowany<\/p>\n<p>mgr Gra\u017cyna Kuli\u0144ska &#8211; nauczyciel dyplomowany<\/p>\n<p>mgr Kinga Januszek &#8211; nauczyciel mianowany<\/p>\n<p>mgr Agnieszka Makowska &#8211; nauczyciel dyplomowany<\/p>\n<p>mgr Beata Literska &#8211; nauczyciel mianowany<\/p>\n<p>mgr Anna Styczy\u0144ska &#8211; nauczyciel dyplomowany<\/p>\n<p>mgr Anna Przedwolska &#8211; nauczyciel dyplomowany<\/p>\n<p>mgr Joanna S\u0142upska &#8211; nauczyciel dyplomowany<\/p>\n<p>mgr Anna Makowska, logopeda &#8211; nauczyciel mianowany<\/p>\n<p>mgr Jolanta Wa\u0142ecka &#8211; nauczyciel dyplomowany<\/p>\n<p>mgr Marta Lewandowska- nauczyciel mianowany<\/p>\n<p>mgr Paulina Paw\u0142owska &#8211; nauczyciel kontraktowy<\/p>\n<p>mgr Natalia Orzechowska, psycholog- nauczyciel pocz\u0105tkuj\u0105cy<\/p>\n<p><strong>Nauczycielom w najm\u0142odszej grupie pomaga:<\/strong><\/p>\n<p>Agnieszka Smoczy\u0144ska<\/p>\n<p><strong>Sprawy finansowe i \u017cywieniowe:<\/strong><\/p>\n<p>Intendent &#8211; Kamila Ryniec<\/p>\n<p>i pracownicy kuchni &#8211; szefowa\u00a0 Joanna \u0141uczak oraz Aneta S\u0142omska i Paulina Kaczmarek<\/p>\n<p><strong>Funkcj\u0119 referenta pe\u0142ni:<\/strong><\/p>\n<p>Monika Suchomska<\/p>\n<p><strong>O higien\u0119 i porz\u0105dek w plac\u00f3wce troszcz\u0105 si\u0119:<\/strong><\/p>\n<p>Agnieszka Chudomi\u0119t<\/p>\n<p>Renata Siarkowska<\/p>\n<p>Marta Jarzembowska<\/p>\n<p>Joanna Ma\u015blanka<\/p>\n<p>Beata Pi\u0105tkowska<\/p>\n<p>Anna \u0141opuchin<\/p>\n<p><strong>Budynek i jego wyposa\u017cenie zabezpiecza:<\/strong><\/p>\n<p>Dozorca &#8211; Marek Wi\u015bniewski<\/p>\n<\/div>\n<\/div>\n","protected":false},"excerpt":{"rendered":"<p>Pracownicy Nad prawid\u0142ow\u0105 organizacj\u0105 pracy w naszym przedszkolu czuwaj\u0105: Dyrektor mgr Maja Wi\u015bniewska &#8211; nauczyciel dyplomowany Wicedyrektor mgr Dorota Brykner &#8211; nauczyciel dyplomowany &nbsp; O sfer\u0119 edukacyjn\u0105 dbaj\u0105 nauczyciele: mgr&hellip;<\/p>\n<div class=\"read-more\"><a href=\"https:\/\/pp32wloclawek.pl\/?page_id=356\" class=\"read-more-link\">czytaj wi\u0119cej&#8230;<\/a><\/div>\n","protected":false},"author":1,"featured_media":0,"parent":27,"menu_order":0,"comment_status":"closed","ping_status":"closed","template":"","meta":{"two_page_speed":[],"footnotes":""},"class_list":["post-356","page","type-page","status-publish","hentry"],"_links":{"self":[{"href":"https:\/\/pp32wloclawek.pl\/index.php?rest_route=\/wp\/v2\/pages\/356","targetHints":{"allow":["GET"]}}],"collection":[{"href":"https:\/\/pp32wloclawek.pl\/index.php?rest_route=\/wp\/v2\/pages"}],"about":[{"href":"https:\/\/pp32wloclawek.pl\/index.php?rest_route=\/wp\/v2\/types\/page"}],"author":[{"embeddable":true,"href":"https:\/\/pp32wloclawek.pl\/index.php?rest_route=\/wp\/v2\/users\/1"}],"replies":[{"embeddable":true,"href":"https:\/\/pp32wloclawek.pl\/index.php?rest_route=%2Fwp%2Fv2%2Fcomments&post=356"}],"version-history":[{"count":18,"href":"https:\/\/pp32wloclawek.pl\/index.php?rest_route=\/wp\/v2\/pages\/356\/revisions"}],"predecessor-version":[{"id":3476,"href":"https:\/\/pp32wloclawek.pl\/index.php?rest_route=\/wp\/v2\/pages\/356\/revisions\/3476"}],"up":[{"embeddable":true,"href":"https:\/\/pp32wloclawek.pl\/index.php?rest_route=\/wp\/v2\/pages\/27"}],"wp:attachment":[{"href":"https:\/\/pp32wloclawek.pl\/index.php?rest_route=%2Fwp%2Fv2%2Fmedia&parent=356"}],"curies":[{"name":"wp","href":"https:\/\/api.w.org\/{rel}","templated":true}]}}