{"id":345,"date":"2019-04-05T21:19:08","date_gmt":"2019-04-05T19:19:08","guid":{"rendered":"http:\/\/serwer1633707.online.pro\/wp\/?page_id=345"},"modified":"2024-09-06T10:58:23","modified_gmt":"2024-09-06T08:58:23","slug":"kontakt","status":"publish","type":"page","link":"https:\/\/pp32wloclawek.pl\/?page_id=345","title":{"rendered":"Kontakt"},"content":{"rendered":"<p><strong><span class=\"contact-street\">Przedszkole Publiczne nr 32\u00a0 &#8222;Ja\u015b i Ma\u0142gosia&#8221;<\/span><\/strong><span class=\"contact-street\"><br \/>\n<\/span><span class=\"contact-suburb\"><span class=\"contact-street\">ul. Kaliska 108<\/span><br \/>\n<\/span><span class=\"contact-state\"><span class=\"contact-suburb\">87-800 W\u0142oc\u0142awek<\/span><br \/>\n<\/span><span class=\"contact-telephone\">tel. 54\/ 234-17-59<\/span><\/p>\n<p>email:<em>\u00a0<a href=\"pp32@edukacja.wloclawek.eu\">pp32@edukacja.wloclawek.eu<\/a><\/em><\/p>\n","protected":false},"excerpt":{"rendered":"<p>Przedszkole Publiczne nr 32\u00a0 &#8222;Ja\u015b i Ma\u0142gosia&#8221; ul. Kaliska 108 87-800 W\u0142oc\u0142awek tel. 54\/ 234-17-59 email:\u00a0pp32@edukacja.wloclawek.eu<\/p>\n","protected":false},"author":1,"featured_media":0,"parent":0,"menu_order":0,"comment_status":"closed","ping_status":"closed","template":"","meta":{"two_page_speed":[],"footnotes":""},"class_list":["post-345","page","type-page","status-publish","hentry"],"_links":{"self":[{"href":"https:\/\/pp32wloclawek.pl\/index.php?rest_route=\/wp\/v2\/pages\/345","targetHints":{"allow":["GET"]}}],"collection":[{"href":"https:\/\/pp32wloclawek.pl\/index.php?rest_route=\/wp\/v2\/pages"}],"about":[{"href":"https:\/\/pp32wloclawek.pl\/index.php?rest_route=\/wp\/v2\/types\/page"}],"author":[{"embeddable":true,"href":"https:\/\/pp32wloclawek.pl\/index.php?rest_route=\/wp\/v2\/users\/1"}],"replies":[{"embeddable":true,"href":"https:\/\/pp32wloclawek.pl\/index.php?rest_route=%2Fwp%2Fv2%2Fcomments&post=345"}],"version-history":[{"count":9,"href":"https:\/\/pp32wloclawek.pl\/index.php?rest_route=\/wp\/v2\/pages\/345\/revisions"}],"predecessor-version":[{"id":3042,"href":"https:\/\/pp32wloclawek.pl\/index.php?rest_route=\/wp\/v2\/pages\/345\/revisions\/3042"}],"wp:attachment":[{"href":"https:\/\/pp32wloclawek.pl\/index.php?rest_route=%2Fwp%2Fv2%2Fmedia&parent=345"}],"curies":[{"name":"wp","href":"https:\/\/api.w.org\/{rel}","templated":true}]}}