{"id":258,"date":"2018-10-05T12:40:46","date_gmt":"2018-10-05T10:40:46","guid":{"rendered":"http:\/\/serwer1633707.online.pro\/wp\/?page_id=258"},"modified":"2018-10-05T12:41:41","modified_gmt":"2018-10-05T10:41:41","slug":"zasady-korzystania-z-terapii-logopedycznej","status":"publish","type":"page","link":"https:\/\/pp32wloclawek.pl\/?page_id=258","title":{"rendered":"Zasady korzystania z terapii logopedycznej"},"content":{"rendered":"<p><strong>ZASADY KORZYSTANIA Z POMOCY PSYCHOLOGICZNO-PEDAGOGICZNEJ<\/strong><\/p>\n<p><strong>(Terapia logopedyczna)<\/strong><\/p>\n<p><strong>Przedszkole Publiczne nr 32<\/strong><em> Ja\u015b i Ma\u0142gosia we W\u0142oc\u0142awku<\/em> organizuje i udziela dzieciom, ich rodzicom oraz nauczycielom pomocy psychologiczno-pedagogicznej na zasadach okre\u015blonych w Rozporz\u0105dzenie Ministra Edukacji Narodowej i Sportu z dnia 7 stycznia 2003 r. w sprawie zasad udzielania i organizacji pomocy psychologiczno-pedagogicznej w publicznych przedszkolach, szko\u0142ach i plac\u00f3wkach.<\/p>\n<p><strong>\u00a7 1<\/strong><\/p>\n<p><strong>Pomoc psychologiczno-pedagogiczna polega w szczeg\u00f3lno\u015bci na:<\/strong><\/p>\n<p>1. Diagnozowaniu \u015brodowiska ucznia;<\/p>\n<p>2. Rozpoznawaniu potencjalnych mo\u017cliwo\u015bci oraz indywidualnych potrzeb ucznia i umo\u017cliwianiu ich zaspokojenia;<\/p>\n<p>3. Rozpoznawaniu przyczyn trudno\u015bci w nauce i niepowodze\u0144 szkolnych;<\/p>\n<p>4. Wspieraniu ucznia z wybitnymi uzdolnieniami;<\/p>\n<p>5. Organizowaniu r\u00f3\u017cnych form pomocy psychologiczno-pedagogicznej;<\/p>\n<p>6. Podejmowaniu dzia\u0142a\u0144 wychowawczych i profilaktycznych wynikaj\u0105cych z programu wychowawczego szko\u0142y i programu profilaktyki, o kt\u00f3rych mowa w odr\u0119bnych przepisach, oraz wspieraniu nauczycieli w tym zakresie;<\/p>\n<p>7. Prowadzeniu edukacji prozdrowotnej i promocji zdrowia w\u015br\u00f3d uczni\u00f3w, nauczycieli i rodzic\u00f3w;<\/p>\n<p>8. Wspieraniu nauczycieli w organizowaniu wewn\u0105trzszkolnego systemu doradztwa oraz zaj\u0119\u0107 zwi\u0105zanych z wyborem kierunku kszta\u0142cenia i zawodu;<\/p>\n<p>9. Wspieraniu nauczycieli i rodzic\u00f3w w dzia\u0142aniach wyr\u00f3wnuj\u0105cych szanse edukacyjne ucznia;<\/p>\n<p>10. Udzielaniu nauczycielom pomocy w dostosowaniu wymaga\u0144 edukacyjnych wynikaj\u0105cych z realizowanych przez nich program\u00f3w nauczania do indywidualnych potrzeb psychofizycznych i edukacyjnych ucznia, u kt\u00f3rego stwierdzono zaburzenia i odchylenia rozwojowe lub specyficzne trudno\u015bci w uczeniu sie, uniemo\u017cliwiaj\u0105ce sprostanie tym wymaganiom;<\/p>\n<p>11. Wspieraniu rodzic\u00f3w i nauczycieli w rozwi\u0105zywaniu problem\u00f3w wychowawczych;<\/p>\n<p>12. Umo\u017cliwianiu rozwijania umiej\u0119tno\u015bci wychowawczych rodzic\u00f3w i nauczycieli;<\/p>\n<p>13.Podejmowaniu dzia\u0142a\u0144 mediacyjnych i interwencyjnych w sytuacjach kryzysowych.<\/p>\n<p><strong>Zadania dotycz\u0105ce pomocy psychologiczno-pedagogicznej s\u0105 realizowane we wsp\u00f3\u0142pracy z:<\/strong><\/p>\n<p>1. Rodzicami;<\/p>\n<p>2. Nauczycielami i innymi pracownikami szko\u0142y<\/p>\n<p>3. Poradniami psychologiczno-pedagogicznymi, w tym poradniami specjalistycznymi;<\/p>\n<p>4. Innymi przedszkolami, szko\u0142ami i plac\u00f3wkami;<\/p>\n<p>5. Podmiotami dzia\u0142aj\u0105cymi na rzecz rodziny, dzieci i m\u0142odzie\u017cy.<\/p>\n<p><strong>\u00a7 2<\/strong><\/p>\n<p>Korzystanie z pomocy psychologiczno-pedagogicznej jest dobrowolne i nieodp\u0142atne.<\/p>\n<p><strong>\u00a7 3<\/strong><\/p>\n<p><strong>Zaj\u0119cia logopedyczne<\/strong>:<\/p>\n<p>1. organizuje sie dla uczni\u00f3w z zaburzeniami mowy, kt\u00f3re powoduj\u0105 zak\u0142\u00f3cenia komunikacji j\u0119zykowej oraz utrudniaj\u0105 nauk\u0119;<\/p>\n<p>a) zaj\u0119cia prowadz\u0105 nauczyciele posiadaj\u0105cy przygotowanie w zakresie logopedii lub logopedii szkolnej;<\/p>\n<p>b) liczba uczestnik\u00f3w zaj\u0119\u0107 wynosi od 2 do 4 uczni\u00f3w.<\/p>\n<p>2. Podczas zaj\u0119\u0107 logopedycznych prowadzone s\u0105 przede wszystkim \u0107wiczenia koryguj\u0105ce nieprawid\u0142ow\u0105 wymow\u0119.<\/p>\n<p>3. W zaj\u0119ciach bior\u0105 udzia\u0142 uczniowie u kt\u00f3rych stwierdzono wad\u0119 wymowy lub dysfunkcje utrudniaj\u0105ce proces komunikacji j\u0119zykowej.<\/p>\n<p>4. Podstaw\u0105 klasyfikowania na zaj\u0119cia jest zdiagnozowanie przez logoped\u0119 w toku badania przesiewowego nieprawid\u0142owej wymowy uczni\u00f3w ( np. przy pomocy Karty Badania Wymowy Dziecka ) oraz uwzgl\u0119dnienie uzasadnionych sugestii wychowawc\u00f3w lub rodzic\u00f3w.<\/p>\n<p>5. Po pisemnym wyra\u017ceniu zgody na zaj\u0119cia obecno\u015b\u0107 uczni\u00f3w jest obowi\u0105zkowa.<\/p>\n<p>a) Nieusprawiedliwiona nieobecno\u015b\u0107 na 3 zaj\u0119ciach jest jednoznaczna z rezygnacj\u0105 rodzica z udzia\u0142u dziecka w zaj\u0119ciach.<\/p>\n<p>b) Rodzice uczni\u00f3w obj\u0119tych zaj\u0119ciami zobowi\u0105zani s\u0105 do wspierania oddzia\u0142ywa\u0144 szko\u0142y, a w szczeg\u00f3lno\u015bci do sta\u0142ego kontaktu z logoped\u0105 i systematycznego prowadzenia zadawanych przez niego \u0107wicze\u0144 i zada\u0144 oraz w razie potrzeby do zaanga\u017cowania w przygotowanie pomocy do zaj\u0119\u0107.<\/p>\n<p><strong>\u00a7 4<\/strong><\/p>\n<p><strong>Pomoc psychologiczno-pedagogiczna organizuje dyrektor szko\u0142y.<\/strong><\/p>\n<p><em><strong>Do zada\u0144 logopedy nale\u017cy w szczeg\u00f3lno\u015bci<\/strong><\/em>:<\/p>\n<p>1. Przeprowadzenie badan wst\u0119pnych, w celu ustalenia stanu mowy uczni\u00f3w, w tym mowy g\u0142o\u015bnej i pisma;<\/p>\n<p>2. Diagnozowanie logopedyczne oraz &#8211; odpowiednio do jego wynik\u00f3w &#8211; organizowanie pomocy logopedycznej;<\/p>\n<p>3. Prowadzenie terapii logopedycznej indywidualnej i w grupach dzieci, u kt\u00f3rych stwierdzono nieprawid\u0142owo\u015bci w rozwoju mowy g\u0142o\u015bnej i pisma;<\/p>\n<p>4. Organizowanie pomocy logopedycznej dla dzieci z trudno\u015bciami w czytaniu i pisaniu, przy \u015bcis\u0142ej wsp\u00f3\u0142pracy z pedagogami i nauczycielami prowadz\u0105cymi zaj\u0119cia korekcyjno-kompensacyjne;<\/p>\n<p>5. Organizowanie i prowadzenie r\u00f3\u017cnych form pomocy psychologiczno-pedagogicznej dla uczni\u00f3w, rodzic\u00f3w i nauczycieli;<\/p>\n<p>6. Podejmowanie dzia\u0142a\u0144 profilaktycznych zapobiegaj\u0105cych powstawaniu zaburze\u0144 komunikacji j\u0119zykowej, w tym wsp\u00f3\u0142praca z najbli\u017cszym \u015brodowiskiem ucznia;<\/p>\n<p>7. Wspieranie dzia\u0142a\u0144 wychowawczych i profilaktycznych nauczycieli, wynikaj\u0105cych z programu wychowawczego szko\u0142y i programu profilaktyki, o kt\u00f3rych mowa w odr\u0119bnych przepisach.<\/p>\n","protected":false},"excerpt":{"rendered":"<p>ZASADY KORZYSTANIA Z POMOCY PSYCHOLOGICZNO-PEDAGOGICZNEJ (Terapia logopedyczna) Przedszkole Publiczne nr 32 Ja\u015b i Ma\u0142gosia we W\u0142oc\u0142awku organizuje i udziela dzieciom, ich rodzicom oraz nauczycielom pomocy psychologiczno-pedagogicznej na zasadach okre\u015blonych w&hellip;<\/p>\n<div class=\"read-more\"><a href=\"https:\/\/pp32wloclawek.pl\/?page_id=258\" class=\"read-more-link\">czytaj wi\u0119cej&#8230;<\/a><\/div>\n","protected":false},"author":1,"featured_media":0,"parent":43,"menu_order":0,"comment_status":"closed","ping_status":"closed","template":"","meta":{"two_page_speed":[],"footnotes":""},"class_list":["post-258","page","type-page","status-publish","hentry"],"_links":{"self":[{"href":"https:\/\/pp32wloclawek.pl\/index.php?rest_route=\/wp\/v2\/pages\/258","targetHints":{"allow":["GET"]}}],"collection":[{"href":"https:\/\/pp32wloclawek.pl\/index.php?rest_route=\/wp\/v2\/pages"}],"about":[{"href":"https:\/\/pp32wloclawek.pl\/index.php?rest_route=\/wp\/v2\/types\/page"}],"author":[{"embeddable":true,"href":"https:\/\/pp32wloclawek.pl\/index.php?rest_route=\/wp\/v2\/users\/1"}],"replies":[{"embeddable":true,"href":"https:\/\/pp32wloclawek.pl\/index.php?rest_route=%2Fwp%2Fv2%2Fcomments&post=258"}],"version-history":[{"count":1,"href":"https:\/\/pp32wloclawek.pl\/index.php?rest_route=\/wp\/v2\/pages\/258\/revisions"}],"predecessor-version":[{"id":259,"href":"https:\/\/pp32wloclawek.pl\/index.php?rest_route=\/wp\/v2\/pages\/258\/revisions\/259"}],"up":[{"embeddable":true,"href":"https:\/\/pp32wloclawek.pl\/index.php?rest_route=\/wp\/v2\/pages\/43"}],"wp:attachment":[{"href":"https:\/\/pp32wloclawek.pl\/index.php?rest_route=%2Fwp%2Fv2%2Fmedia&parent=258"}],"curies":[{"name":"wp","href":"https:\/\/api.w.org\/{rel}","templated":true}]}}