{"id":1812,"date":"2021-09-29T09:58:47","date_gmt":"2021-09-29T07:58:47","guid":{"rendered":"http:\/\/pp32wloclawek.pl\/?page_id=1812"},"modified":"2025-10-08T13:47:23","modified_gmt":"2025-10-08T11:47:23","slug":"grupy-2","status":"publish","type":"page","link":"https:\/\/pp32wloclawek.pl\/?page_id=1812","title":{"rendered":"Grupy"},"content":{"rendered":"<p style=\"text-align: center;\"><strong><em><u>Grupa I<\/u><\/em><\/strong><\/p>\n<p style=\"text-align: center;\"><strong><em>dzieci 3 letnie<\/em><\/strong><\/p>\n<p style=\"text-align: center;\"><strong><em>S\u0142oneczka<\/em><\/strong><\/p>\n<p style=\"text-align: center;\">\u00a0mgr Anna Styczy\u0144ska , mgr Jolanta Wa\u0142ecka<\/p>\n<p style=\"text-align: center;\"><strong><em><u>Grupa II<\/u><\/em><\/strong><\/p>\n<p style=\"text-align: center;\"><strong>dzieci 4-letnie<\/strong><\/p>\n<p style=\"text-align: center;\"><strong><em>Krasnoludki<\/em><\/strong><\/p>\n<p style=\"text-align: center;\">mgr Beata Literska, mgr Jolanta Wa\u0142ecka<\/p>\n<p>\u00a0 \u00a0 \u00a0 \u00a0 \u00a0 \u00a0 \u00a0 \u00a0 \u00a0 \u00a0 \u00a0 \u00a0 \u00a0 \u00a0 \u00a0 \u00a0 \u00a0 \u00a0 \u00a0 \u00a0 \u00a0 \u00a0 \u00a0 \u00a0 \u00a0 \u00a0 \u00a0 \u00a0 \u00a0 \u00a0 \u00a0 \u00a0 \u00a0 \u00a0 \u00a0 \u00a0 \u00a0 \u00a0 \u00a0 \u00a0 \u00a0 \u00a0 \u00a0 \u00a0 \u00a0 \u00a0 \u00a0 \u00a0 \u00a0 \u00a0 \u00a0 \u00a0 \u00a0 \u00a0 \u00a0 \u00a0 \u00a0 \u00a0 \u00a0 \u00a0 \u00a0 \u00a0 \u00a0 \u00a0 \u00a0 \u00a0nauczyciel wsp\u00f3\u0142organizuj\u0105cy Paulina Paw\u0142owska<\/p>\n<p style=\"text-align: center;\"><strong><em><u>Grupa III<\/u><\/em><\/strong><\/p>\n<p style=\"text-align: center;\"><strong>dzieci 5 -letnie<\/strong><\/p>\n<p style=\"text-align: center;\"><strong><em>Muchomorki<\/em><\/strong><\/p>\n<p style=\"text-align: center;\">mgr Marta Lewandowska,\u00a0 mgr Kinga Januszek<\/p>\n<p style=\"text-align: center;\"><strong><em><u>Grupa IV<\/u><\/em><\/strong><\/p>\n<p style=\"text-align: center;\"><strong><em>\u00a0Dzieci\u00a0 6-letnie<\/em><\/strong><\/p>\n<p style=\"text-align: center;\"><strong><em>Je\u017cyki<\/em><\/strong><\/p>\n<p style=\"text-align: center;\">\u00a0mgr Anna Przedwolska, mgr Marzena Andrzejewska<\/p>\n<p style=\"text-align: center;\"><strong><em><u>Grupa V<\/u><\/em><\/strong><\/p>\n<p style=\"text-align: center;\"><strong><em>\u00a0 Dzieci 4,5 \u2013letnie \u2013 integracyjna<\/em><\/strong><\/p>\n<p style=\"text-align: center;\"><strong><em>Misie<\/em><\/strong><\/p>\n<p style=\"text-align: center;\">mgr Aleksandra Nowakowska, mgr Maja Wi\u015bniewska<\/p>\n<p style=\"text-align: center;\">nauczyciel wsp\u00f3\u0142organizuj\u0105cy mgr Joanna S\u0142upska<\/p>\n<p style=\"text-align: center;\"><strong><em><u>Grupa VI<\/u><\/em><\/strong><\/p>\n<p style=\"text-align: center;\"><strong><em>Dzieci 6-letnie \u2013 integracyjna<\/em><\/strong><\/p>\n<p style=\"text-align: center;\"><strong><em>S\u00f3wki<\/em><\/strong><\/p>\n<p style=\"text-align: center;\">mgr Agnieszka Makowska, mgr Dorota Brykner<\/p>\n<p style=\"text-align: center;\">nauczyciel wsp\u00f3\u0142organizuj\u0105cy mgr Katarzyna Kruszczy\u0144ska<\/p>\n","protected":false},"excerpt":{"rendered":"<p>Grupa I dzieci 3 letnie S\u0142oneczka \u00a0mgr Anna Styczy\u0144ska , mgr Jolanta Wa\u0142ecka Grupa II dzieci 4-letnie Krasnoludki mgr Beata Literska, mgr Jolanta Wa\u0142ecka \u00a0 \u00a0 \u00a0 \u00a0 \u00a0 \u00a0&hellip;<\/p>\n<div class=\"read-more\"><a href=\"https:\/\/pp32wloclawek.pl\/?page_id=1812\" class=\"read-more-link\">czytaj wi\u0119cej&#8230;<\/a><\/div>\n","protected":false},"author":1,"featured_media":0,"parent":27,"menu_order":0,"comment_status":"closed","ping_status":"closed","template":"","meta":{"two_page_speed":[],"footnotes":""},"class_list":["post-1812","page","type-page","status-publish","hentry"],"_links":{"self":[{"href":"https:\/\/pp32wloclawek.pl\/index.php?rest_route=\/wp\/v2\/pages\/1812","targetHints":{"allow":["GET"]}}],"collection":[{"href":"https:\/\/pp32wloclawek.pl\/index.php?rest_route=\/wp\/v2\/pages"}],"about":[{"href":"https:\/\/pp32wloclawek.pl\/index.php?rest_route=\/wp\/v2\/types\/page"}],"author":[{"embeddable":true,"href":"https:\/\/pp32wloclawek.pl\/index.php?rest_route=\/wp\/v2\/users\/1"}],"replies":[{"embeddable":true,"href":"https:\/\/pp32wloclawek.pl\/index.php?rest_route=%2Fwp%2Fv2%2Fcomments&post=1812"}],"version-history":[{"count":11,"href":"https:\/\/pp32wloclawek.pl\/index.php?rest_route=\/wp\/v2\/pages\/1812\/revisions"}],"predecessor-version":[{"id":3433,"href":"https:\/\/pp32wloclawek.pl\/index.php?rest_route=\/wp\/v2\/pages\/1812\/revisions\/3433"}],"up":[{"embeddable":true,"href":"https:\/\/pp32wloclawek.pl\/index.php?rest_route=\/wp\/v2\/pages\/27"}],"wp:attachment":[{"href":"https:\/\/pp32wloclawek.pl\/index.php?rest_route=%2Fwp%2Fv2%2Fmedia&parent=1812"}],"curies":[{"name":"wp","href":"https:\/\/api.w.org\/{rel}","templated":true}]}}