{"id":145,"date":"2017-12-14T11:24:15","date_gmt":"2017-12-14T10:24:15","guid":{"rendered":"http:\/\/serwer1633707.online.pro\/wp\/?page_id=145"},"modified":"2021-09-29T10:17:44","modified_gmt":"2021-09-29T08:17:44","slug":"1-2","status":"publish","type":"page","link":"https:\/\/pp32wloclawek.pl\/?page_id=145","title":{"rendered":"Hymn przedszkola"},"content":{"rendered":"<p style=\"text-align: center;\"><strong>\u201eJA<\/strong><strong>\u015a<\/strong><strong>\u00a0 I\u00a0 MA<\/strong><strong>\u0141<\/strong><strong>GOSIA<\/strong><\/p>\n<p style=\"text-align: center;\"><strong>W PRZEDSZKOLU\u201d<\/strong><\/p>\n<p style=\"text-align: center;\"><strong>1. Chodz<\/strong><strong>\u0105<\/strong><strong> do przedszkola ma<\/strong><strong>\u0142<\/strong><strong>y Ja<\/strong><strong>\u015b<\/strong><strong>, Ma<\/strong><strong>\u0142<\/strong><strong>gosia,<\/strong><\/p>\n<p style=\"text-align: center;\"><strong>ucz<\/strong><strong>\u0105<\/strong><strong> si<\/strong><strong>\u0119<\/strong><strong> jak dobre serce mie<\/strong><strong>\u0107<\/strong><strong> dla wszystkich.<\/strong><\/p>\n<p style=\"text-align: center;\"><strong>Ref<\/strong>. <strong><em>Zamiast mamy \u2013 pani z nami<\/em><\/strong><\/p>\n<p style=\"text-align: center;\"><strong><em>bawi si<\/em><\/strong><strong><em>\u0119<\/em><\/strong><strong><em> weso<\/em><\/strong><strong><em>\u0142<\/em><\/strong><strong><em>o ca<\/em><\/strong><strong><em>\u0142<\/em><\/strong><strong><em>e dnie.<\/em><\/strong><\/p>\n<p style=\"text-align: center;\"><strong><em>Zamiast mamy \u2013 pani z nami<\/em><\/strong><\/p>\n<p style=\"text-align: center;\"><strong><em>obserwuje ca<\/em><\/strong><strong><em>\u0142<\/em><\/strong><strong><em>y <\/em><\/strong><strong><em>\u015b<\/em><\/strong><strong><em>wiat.<\/em><\/strong><\/p>\n<p>&nbsp;<\/p>\n<p style=\"text-align: center;\"><strong>2.Znamy ju<\/strong><strong>\u017c<\/strong><strong>\u00a0cyferki, znamy ju<\/strong><strong>\u017c literki<\/strong><\/p>\n<p style=\"text-align: center;\"><strong>Poznajemy wiersze, bajki i piosenki.<\/strong><\/p>\n<p style=\"text-align: center;\"><strong>Ref<em>. Zamiast mamy \u2013 pani z nami<\/em><\/strong><\/p>\n<p style=\"text-align: center;\"><strong><em>bawi si<\/em><\/strong><strong><em>\u0119<\/em><\/strong><strong><em> weso<\/em><\/strong><strong><em>\u0142<\/em><\/strong><strong><em>o ca<\/em><\/strong><strong><em>\u0142<\/em><\/strong><strong><em>e dnie.<\/em><\/strong><\/p>\n<p style=\"text-align: center;\"><strong><em>Zamiast mamy \u2013 pani z nami<\/em><\/strong><\/p>\n<p style=\"text-align: center;\"><strong><em>obserwuje ca<\/em><\/strong><strong><em>\u0142<\/em><\/strong><strong><em>y <\/em><\/strong><strong><em>\u015b<\/em><\/strong><strong><em>wiat.<\/em><\/strong><\/p>\n<p><strong>\u00a0 \u00a0 \u00a0 \u00a0 \u00a0 \u00a0 \u00a0 \u00a0 \u00a0 \u00a0 \u00a0 \u00a0 \u00a0 \u00a0 \u00a0 \u00a0 \u00a0 \u00a0 \u00a0 \u00a0 \u00a0 \u00a0 \u00a0 \u00a0 \u00a0 \u00a0 \u00a0 \u00a0 \u00a0 \u00a0 \u00a0 \u00a0 \u00a0 \u00a0 \u00a0 \u00a0 \u00a0 3. A gdy opu<\/strong><strong>\u015b<\/strong><strong>cimy przedszkole kochane,<\/strong><\/p>\n<p style=\"text-align: center;\"><strong>to wspomnienie w naszych sercach na zawsze zostanie.<\/strong><strong>\u00a0<\/strong><\/p>\n<p style=\"text-align: center;\"><strong>Ref. <em>Zamiast mamy \u2013 pani z nami<\/em><\/strong><\/p>\n<p style=\"text-align: center;\"><strong><em>bawi si<\/em><\/strong><strong><em>\u0119<\/em><\/strong><strong><em> weso<\/em><\/strong><strong><em>\u0142<\/em><\/strong><strong><em>o ca<\/em><\/strong><strong><em>\u0142<\/em><\/strong><strong><em>e dnie.<\/em><\/strong><\/p>\n<p style=\"text-align: center;\"><strong><em>Zamiast mamy \u2013 pani z nami<\/em><\/strong><\/p>\n<p style=\"text-align: center;\"><strong><em>obserwuje ca<\/em><\/strong><strong><em>\u0142<\/em><\/strong><strong><em>y <\/em><\/strong><strong><em>\u015b<\/em><\/strong><strong><em>wiat.<\/em><\/strong><strong><em>\u00a0<\/em><\/strong><\/p>\n<p style=\"text-align: right;\"><strong><em>Muzyka do hymnu:<\/em><\/strong><em> Iwona i Stanis<\/em><em>\u0142<\/em><em>aw<\/em> <em>Karwat<\/em><\/p>\n<p style=\"text-align: right;\"><strong><em>S<\/em><\/strong><strong><em>\u0142<\/em><\/strong><strong><em>owa:<\/em><\/strong><em> Maria Malicka i Marzena Andrzejewska<\/em><\/p>\n<!--[if lt IE 9]><script>document.createElement('audio');<\/script><![endif]-->\n<audio class=\"wp-audio-shortcode\" id=\"audio-145-1\" preload=\"none\" style=\"width: 100%;\" controls=\"controls\"><source type=\"audio\/mpeg\" src=\"http:\/\/serwer1633707.online.pro\/wp\/wp-content\/uploads\/2021\/04\/hymn-1.mp3?_=1\" \/><a href=\"http:\/\/serwer1633707.online.pro\/wp\/wp-content\/uploads\/2021\/04\/hymn-1.mp3\">http:\/\/serwer1633707.online.pro\/wp\/wp-content\/uploads\/2021\/04\/hymn-1.mp3<\/a><\/audio>\n","protected":false},"excerpt":{"rendered":"<p>\u201eJA\u015a\u00a0 I\u00a0 MA\u0141GOSIA W PRZEDSZKOLU\u201d 1. Chodz\u0105 do przedszkola ma\u0142y Ja\u015b, Ma\u0142gosia, ucz\u0105 si\u0119 jak dobre serce mie\u0107 dla wszystkich. Ref. Zamiast mamy \u2013 pani z nami bawi si\u0119 weso\u0142o&hellip;<\/p>\n<div class=\"read-more\"><a href=\"https:\/\/pp32wloclawek.pl\/?page_id=145\" class=\"read-more-link\">czytaj wi\u0119cej&#8230;<\/a><\/div>\n","protected":false},"author":1,"featured_media":0,"parent":27,"menu_order":0,"comment_status":"closed","ping_status":"closed","template":"","meta":{"two_page_speed":[],"footnotes":""},"class_list":["post-145","page","type-page","status-publish","hentry"],"_links":{"self":[{"href":"https:\/\/pp32wloclawek.pl\/index.php?rest_route=\/wp\/v2\/pages\/145","targetHints":{"allow":["GET"]}}],"collection":[{"href":"https:\/\/pp32wloclawek.pl\/index.php?rest_route=\/wp\/v2\/pages"}],"about":[{"href":"https:\/\/pp32wloclawek.pl\/index.php?rest_route=\/wp\/v2\/types\/page"}],"author":[{"embeddable":true,"href":"https:\/\/pp32wloclawek.pl\/index.php?rest_route=\/wp\/v2\/users\/1"}],"replies":[{"embeddable":true,"href":"https:\/\/pp32wloclawek.pl\/index.php?rest_route=%2Fwp%2Fv2%2Fcomments&post=145"}],"version-history":[{"count":9,"href":"https:\/\/pp32wloclawek.pl\/index.php?rest_route=\/wp\/v2\/pages\/145\/revisions"}],"predecessor-version":[{"id":1818,"href":"https:\/\/pp32wloclawek.pl\/index.php?rest_route=\/wp\/v2\/pages\/145\/revisions\/1818"}],"up":[{"embeddable":true,"href":"https:\/\/pp32wloclawek.pl\/index.php?rest_route=\/wp\/v2\/pages\/27"}],"wp:attachment":[{"href":"https:\/\/pp32wloclawek.pl\/index.php?rest_route=%2Fwp%2Fv2%2Fmedia&parent=145"}],"curies":[{"name":"wp","href":"https:\/\/api.w.org\/{rel}","templated":true}]}}