{"id":1342,"date":"2021-04-14T11:59:16","date_gmt":"2021-04-14T09:59:16","guid":{"rendered":"http:\/\/pp32wloclawek.pl\/?page_id=1342"},"modified":"2023-03-01T21:40:39","modified_gmt":"2023-03-01T20:40:39","slug":"laureaci-konkursow","status":"publish","type":"page","link":"https:\/\/pp32wloclawek.pl\/?page_id=1342","title":{"rendered":"Laureaci konkurs\u00f3w"},"content":{"rendered":"<div dir=\"auto\">\n<p style=\"text-align: center;\">Nagrody za udzia\u0142 w konkursie matematyczno-plastycznym<\/p>\n<p style=\"text-align: center;\">pt. \u201eZimowy pejza\u017c z figur geometrycznych\u201d<\/p>\n<p style=\"text-align: center;\">zorganizowanym przez Przedszkole Publiczne nr 13 \u201eS\u0142oneczny Domek\u201d:<\/p>\n<p style=\"text-align: center;\">\n\u2b50\ufe0fNadia Grabowska- grupa Smerfy<br \/>\n\u2b50\ufe0fIga Styczy\u0144ska- grupa Gumisie<br \/>\n\u2b50\ufe0fTomasz Januszewski- grupa Gumisie<br \/>\n\u2b50\ufe0fMiko\u0142aj Goclik- grupa Smerfy.<\/p>\n<p style=\"text-align: center;\">\nGratulujemy Laureatom! \ud83e\udd29\ud83d\udc4f<\/p>\n<p><img loading=\"lazy\" decoding=\"async\" class=\"aligncenter size-full wp-image-2668\" src=\"http:\/\/serwer1633707.online.pro\/wp\/wp-content\/uploads\/2023\/03\/333308619_1214481162512553_647768024183047388_n.jpg\" alt=\"\" width=\"1536\" height=\"2048\" srcset=\"https:\/\/pp32wloclawek.pl\/wp-content\/uploads\/2023\/03\/333308619_1214481162512553_647768024183047388_n.jpg 1536w, https:\/\/pp32wloclawek.pl\/wp-content\/uploads\/2023\/03\/333308619_1214481162512553_647768024183047388_n-225x300.jpg 225w, https:\/\/pp32wloclawek.pl\/wp-content\/uploads\/2023\/03\/333308619_1214481162512553_647768024183047388_n-768x1024.jpg 768w, https:\/\/pp32wloclawek.pl\/wp-content\/uploads\/2023\/03\/333308619_1214481162512553_647768024183047388_n-400x533.jpg 400w\" sizes=\"auto, (max-width: 1536px) 100vw, 1536px\" \/><\/p>\n<\/div>\n<div dir=\"auto\"><\/div>\n<div dir=\"auto\">Przed Wielkanoc\u0105 ch\u0119tne przedszkolaki wzi\u0119\u0142y udzia\u0142 w konkursie plastycznym organizowanym przez Przedszkole Publiczne nr 27 we W\u0142oc\u0142awku pt. &#8222;\u015awi\u0105teczna kartka wielkanocna&#8221;.<\/div>\n<div dir=\"auto\"><\/div>\n<div dir=\"auto\"><img loading=\"lazy\" decoding=\"async\" class=\"aligncenter size-full wp-image-1468\" src=\"http:\/\/serwer1633707.online.pro\/wp\/wp-content\/uploads\/2021\/05\/20210505_123436.jpg\" alt=\"\" width=\"4128\" height=\"3096\" srcset=\"https:\/\/pp32wloclawek.pl\/wp-content\/uploads\/2021\/05\/20210505_123436.jpg 4128w, https:\/\/pp32wloclawek.pl\/wp-content\/uploads\/2021\/05\/20210505_123436-300x225.jpg 300w, https:\/\/pp32wloclawek.pl\/wp-content\/uploads\/2021\/05\/20210505_123436-768x576.jpg 768w, https:\/\/pp32wloclawek.pl\/wp-content\/uploads\/2021\/05\/20210505_123436-1024x768.jpg 1024w, https:\/\/pp32wloclawek.pl\/wp-content\/uploads\/2021\/05\/20210505_123436-400x300.jpg 400w\" sizes=\"auto, (max-width: 4128px) 100vw, 4128px\" \/><br \/>\n<img loading=\"lazy\" decoding=\"async\" class=\"aligncenter size-full wp-image-1469\" src=\"http:\/\/serwer1633707.online.pro\/wp\/wp-content\/uploads\/2021\/05\/20210505_123447.jpg\" alt=\"\" width=\"4128\" height=\"3096\" srcset=\"https:\/\/pp32wloclawek.pl\/wp-content\/uploads\/2021\/05\/20210505_123447.jpg 4128w, https:\/\/pp32wloclawek.pl\/wp-content\/uploads\/2021\/05\/20210505_123447-300x225.jpg 300w, https:\/\/pp32wloclawek.pl\/wp-content\/uploads\/2021\/05\/20210505_123447-768x576.jpg 768w, https:\/\/pp32wloclawek.pl\/wp-content\/uploads\/2021\/05\/20210505_123447-1024x768.jpg 1024w, https:\/\/pp32wloclawek.pl\/wp-content\/uploads\/2021\/05\/20210505_123447-400x300.jpg 400w\" sizes=\"auto, (max-width: 4128px) 100vw, 4128px\" \/><\/p>\n<figure id=\"attachment_1470\" aria-describedby=\"caption-attachment-1470\" style=\"width: 3120px\" class=\"wp-caption aligncenter\"><img loading=\"lazy\" decoding=\"async\" class=\"size-full wp-image-1470\" src=\"http:\/\/serwer1633707.online.pro\/wp\/wp-content\/uploads\/2021\/05\/IMG_20210510_113323.jpg\" alt=\"\" width=\"3120\" height=\"4160\" srcset=\"https:\/\/pp32wloclawek.pl\/wp-content\/uploads\/2021\/05\/IMG_20210510_113323.jpg 3120w, https:\/\/pp32wloclawek.pl\/wp-content\/uploads\/2021\/05\/IMG_20210510_113323-225x300.jpg 225w, https:\/\/pp32wloclawek.pl\/wp-content\/uploads\/2021\/05\/IMG_20210510_113323-768x1024.jpg 768w, https:\/\/pp32wloclawek.pl\/wp-content\/uploads\/2021\/05\/IMG_20210510_113323-400x533.jpg 400w\" sizes=\"auto, (max-width: 3120px) 100vw, 3120px\" \/><figcaption id=\"caption-attachment-1470\" class=\"wp-caption-text\">Exif_JPEG_420<\/figcaption><\/figure>\n<figure id=\"attachment_1471\" aria-describedby=\"caption-attachment-1471\" style=\"width: 3120px\" class=\"wp-caption aligncenter\"><img loading=\"lazy\" decoding=\"async\" class=\"size-full wp-image-1471\" src=\"http:\/\/serwer1633707.online.pro\/wp\/wp-content\/uploads\/2021\/05\/IMG_20210510_113329.jpg\" alt=\"\" width=\"3120\" height=\"4160\" srcset=\"https:\/\/pp32wloclawek.pl\/wp-content\/uploads\/2021\/05\/IMG_20210510_113329.jpg 3120w, https:\/\/pp32wloclawek.pl\/wp-content\/uploads\/2021\/05\/IMG_20210510_113329-225x300.jpg 225w, https:\/\/pp32wloclawek.pl\/wp-content\/uploads\/2021\/05\/IMG_20210510_113329-768x1024.jpg 768w, https:\/\/pp32wloclawek.pl\/wp-content\/uploads\/2021\/05\/IMG_20210510_113329-400x533.jpg 400w\" sizes=\"auto, (max-width: 3120px) 100vw, 3120px\" \/><figcaption id=\"caption-attachment-1471\" class=\"wp-caption-text\">Exif_JPEG_420<\/figcaption><\/figure>\n<p><img loading=\"lazy\" decoding=\"async\" class=\"aligncenter size-full wp-image-1472\" src=\"http:\/\/serwer1633707.online.pro\/wp\/wp-content\/uploads\/2021\/05\/received_292700945722928.jpeg\" alt=\"\" width=\"750\" height=\"563\" srcset=\"https:\/\/pp32wloclawek.pl\/wp-content\/uploads\/2021\/05\/received_292700945722928.jpeg 750w, https:\/\/pp32wloclawek.pl\/wp-content\/uploads\/2021\/05\/received_292700945722928-300x225.jpeg 300w, https:\/\/pp32wloclawek.pl\/wp-content\/uploads\/2021\/05\/received_292700945722928-400x300.jpeg 400w\" sizes=\"auto, (max-width: 750px) 100vw, 750px\" \/><\/p>\n<p><img loading=\"lazy\" decoding=\"async\" class=\"aligncenter size-full wp-image-1473\" src=\"http:\/\/serwer1633707.online.pro\/wp\/wp-content\/uploads\/2021\/05\/received_300956314733531.jpeg\" alt=\"\" width=\"750\" height=\"1000\" srcset=\"https:\/\/pp32wloclawek.pl\/wp-content\/uploads\/2021\/05\/received_300956314733531.jpeg 750w, https:\/\/pp32wloclawek.pl\/wp-content\/uploads\/2021\/05\/received_300956314733531-225x300.jpeg 225w, https:\/\/pp32wloclawek.pl\/wp-content\/uploads\/2021\/05\/received_300956314733531-400x533.jpeg 400w\" sizes=\"auto, (max-width: 750px) 100vw, 750px\" \/><br \/>\n<img loading=\"lazy\" decoding=\"async\" class=\"aligncenter size-full wp-image-1474\" src=\"http:\/\/serwer1633707.online.pro\/wp\/wp-content\/uploads\/2021\/05\/received_392726638444576.jpeg\" alt=\"\" width=\"1170\" height=\"1560\" srcset=\"https:\/\/pp32wloclawek.pl\/wp-content\/uploads\/2021\/05\/received_392726638444576.jpeg 1170w, https:\/\/pp32wloclawek.pl\/wp-content\/uploads\/2021\/05\/received_392726638444576-225x300.jpeg 225w, https:\/\/pp32wloclawek.pl\/wp-content\/uploads\/2021\/05\/received_392726638444576-768x1024.jpeg 768w, https:\/\/pp32wloclawek.pl\/wp-content\/uploads\/2021\/05\/received_392726638444576-400x533.jpeg 400w\" sizes=\"auto, (max-width: 1170px) 100vw, 1170px\" \/><\/p>\n<\/div>\n<div dir=\"auto\"><\/div>\n<div dir=\"auto\"><\/div>\n<div dir=\"auto\">W marcu w tym roku szkolnym dzieci z grupy V i VI wzi\u0119\u0142y udzia\u0142 w og\u00f3lnopolskim konkursie plastycznym &#8222;Skarpetka nie do pary&#8221; <span class=\"pq6dq46d tbxw36s4 knj5qynh kvgmc6g5 ditlmg2l oygrvhab nvdbi5me sf5mxxl7 gl3lb2sf hhz5lgdu\"><img loading=\"lazy\" decoding=\"async\" src=\"https:\/\/static.xx.fbcdn.net\/images\/emoji.php\/v9\/t82\/1\/16\/1f9e6.png\" alt=\"\ud83e\udde6\" width=\"16\" height=\"16\" \/><\/span><\/div>\n<div dir=\"auto\">Nasi laureaci otrzymali pami\u0105tkowe dyplomy i mi\u0142e upominki<\/div>\n<div dir=\"auto\"><\/div>\n<div dir=\"auto\"><img loading=\"lazy\" decoding=\"async\" class=\"aligncenter size-full wp-image-1425\" src=\"http:\/\/serwer1633707.online.pro\/wp\/wp-content\/uploads\/2021\/04\/konkur.jpg\" alt=\"\" width=\"526\" height=\"706\" srcset=\"https:\/\/pp32wloclawek.pl\/wp-content\/uploads\/2021\/04\/konkur.jpg 526w, https:\/\/pp32wloclawek.pl\/wp-content\/uploads\/2021\/04\/konkur-224x300.jpg 224w, https:\/\/pp32wloclawek.pl\/wp-content\/uploads\/2021\/04\/konkur-400x537.jpg 400w\" sizes=\"auto, (max-width: 526px) 100vw, 526px\" \/><\/div>\n<p>&#8212;&#8212;&#8212;&#8212;&#8212;&#8212;&#8212;&#8212;&#8212;&#8212;&#8212;&#8212;&#8212;&#8212;&#8212;&#8212;&#8212;&#8212;&#8212;&#8212;&#8212;&#8212;&#8212;&#8212;&#8212;&#8212;&#8212;&#8212;&#8212;&#8212;&#8212;&#8212;&#8212;&#8212;&#8212;&#8212;&#8212;&#8212;&#8212;&#8212;&#8212;&#8212;&#8212;&#8212;&#8212;&#8212;&#8212;&#8212;&#8212;&#8212;&#8212;&#8212;&#8212;&#8212;&#8212;&#8212;&#8212;&#8212;&#8212;&#8212;&#8212;&#8212;&#8212;&#8212;&#8212;&#8212;&#8212;&#8212;&#8212;&#8212;-<\/p>\n<p>II miejsce dla Ani (Dru\u017cyna Kubusia Puchatka) w konkursie piosenki i rymowanki z j\u0119zyka angielskiego \u201eBe like a star!\u201d organizowanym przez Szko\u0142\u0119 Podstawow\u0105 nr 23.\u00a0Gratulacje<\/p>\n<p><img loading=\"lazy\" decoding=\"async\" class=\"aligncenter size-full wp-image-1357\" src=\"http:\/\/serwer1633707.online.pro\/wp\/wp-content\/uploads\/2021\/04\/FB_IMG_1619065160605.jpg\" alt=\"\" width=\"720\" height=\"960\" srcset=\"https:\/\/pp32wloclawek.pl\/wp-content\/uploads\/2021\/04\/FB_IMG_1619065160605.jpg 720w, https:\/\/pp32wloclawek.pl\/wp-content\/uploads\/2021\/04\/FB_IMG_1619065160605-225x300.jpg 225w, https:\/\/pp32wloclawek.pl\/wp-content\/uploads\/2021\/04\/FB_IMG_1619065160605-400x533.jpg 400w\" sizes=\"auto, (max-width: 720px) 100vw, 720px\" \/><\/p>\n<hr \/>\n<p>R\u00f3\u017ca (Dru\u017cyna Kubusia Puchatka) i Maja (Teletubisie) z nagrodami za udzia\u0142 w III Mi\u0119dzyprzedszkolnym Konkursie J\u0119zyka Angielskiego \u201eI love English\u201d organizowanym przez Przedszkole Publiczne nr 6 w Zespole Szkolno- Przedszkolnym <span class=\"pq6dq46d tbxw36s4 knj5qynh kvgmc6g5 ditlmg2l oygrvhab nvdbi5me sf5mxxl7 gl3lb2sf hhz5lgdu\"><img loading=\"lazy\" decoding=\"async\" src=\"https:\/\/static.xx.fbcdn.net\/images\/emoji.php\/v9\/tbe\/1\/16\/1f3c6.png\" alt=\"\ud83c\udfc6\" width=\"16\" height=\"16\" \/><\/span> Brawo dziewczyny <span class=\"pq6dq46d tbxw36s4 knj5qynh kvgmc6g5 ditlmg2l oygrvhab nvdbi5me sf5mxxl7 gl3lb2sf hhz5lgdu\"><img loading=\"lazy\" decoding=\"async\" src=\"https:\/\/static.xx.fbcdn.net\/images\/emoji.php\/v9\/tfe\/1\/16\/1f44f.png\" alt=\"\ud83d\udc4f\" width=\"16\" height=\"16\" \/><\/span> <span class=\"pq6dq46d tbxw36s4 knj5qynh kvgmc6g5 ditlmg2l oygrvhab nvdbi5me sf5mxxl7 gl3lb2sf hhz5lgdu\"><img loading=\"lazy\" decoding=\"async\" src=\"https:\/\/static.xx.fbcdn.net\/images\/emoji.php\/v9\/t58\/1\/16\/1f929.png\" alt=\"\ud83e\udd29\" width=\"16\" height=\"16\" \/><\/span><\/p>\n<p><img loading=\"lazy\" decoding=\"async\" class=\"aligncenter size-full wp-image-1352\" src=\"http:\/\/serwer1633707.online.pro\/wp\/wp-content\/uploads\/2021\/04\/FB_IMG_1618852068832.jpg\" alt=\"\" width=\"720\" height=\"967\" srcset=\"https:\/\/pp32wloclawek.pl\/wp-content\/uploads\/2021\/04\/FB_IMG_1618852068832.jpg 720w, https:\/\/pp32wloclawek.pl\/wp-content\/uploads\/2021\/04\/FB_IMG_1618852068832-223x300.jpg 223w, https:\/\/pp32wloclawek.pl\/wp-content\/uploads\/2021\/04\/FB_IMG_1618852068832-400x537.jpg 400w\" sizes=\"auto, (max-width: 720px) 100vw, 720px\" \/><\/p>\n<p>&nbsp;<\/p>\n<p>&nbsp;<\/p>\n<p>&nbsp;<\/p>\n<p>&nbsp;<\/p>\n<p>&nbsp;<\/p>\n<p>&nbsp;<\/p>\n<p><img loading=\"lazy\" decoding=\"async\" class=\"aligncenter size-full wp-image-1351\" src=\"http:\/\/serwer1633707.online.pro\/wp\/wp-content\/uploads\/2021\/04\/FB_IMG_1618852081489.jpg\" alt=\"\" width=\"720\" height=\"960\" srcset=\"https:\/\/pp32wloclawek.pl\/wp-content\/uploads\/2021\/04\/FB_IMG_1618852081489.jpg 720w, https:\/\/pp32wloclawek.pl\/wp-content\/uploads\/2021\/04\/FB_IMG_1618852081489-225x300.jpg 225w, https:\/\/pp32wloclawek.pl\/wp-content\/uploads\/2021\/04\/FB_IMG_1618852081489-400x533.jpg 400w\" sizes=\"auto, (max-width: 720px) 100vw, 720px\" \/><\/p>\n<p>&nbsp;<\/p>\n<p>&nbsp;<\/p>\n<p>&#8212;&#8212;&#8212;&#8212;&#8212;&#8212;&#8212;&#8212;&#8212;&#8212;&#8212;&#8212;&#8212;&#8212;&#8212;&#8212;&#8212;&#8212;&#8212;&#8212;&#8212;&#8212;&#8212;&#8212;&#8212;&#8212;&#8212;&#8212;&#8212;&#8212;&#8212;&#8212;&#8212;&#8212;&#8212;&#8212;&#8212;&#8212;&#8212;&#8212;&#8212;&#8212;&#8212;&#8212;&#8212;&#8212;&#8212;&#8212;&#8212;&#8212;&#8212;&#8212;&#8212;&#8212;&#8212;&#8212;&#8212;&#8212;&#8212;&#8212;&#8212;&#8212;&#8212;&#8212;&#8212;&#8212;&#8211;<\/p>\n<p>&nbsp;<\/p>\n<p style=\"text-align: left;\">Z wielk\u0105 rado\u015bci\u0105 informujemy, \u017ce nasze przedszkolaki zosta\u0142y laureatami w konkursach organizowanych przez zaprzyja\u017anione przedszkola:<\/p>\n<ul style=\"text-align: left;\">\n<li><strong>&#8222;Figurowy zawr\u00f3t g\u0142owy&#8221; konkurs organizowany przez Przedszkole Publiczne nr 30:\u00a0<\/strong><\/li>\n<\/ul>\n<p style=\"text-align: left;\">wyr\u00f3\u017cnienie dla Grzesia Makowskiego z Dru\u017cyny Kubusia Puchatka,<\/p>\n<ul style=\"text-align: left;\">\n<li><strong>&#8222;Najpi\u0119kniejsza palma wielkanocna&#8221; konkurs organizowany przez Przedszkole Publiczne nr 36 :<\/strong><\/li>\n<\/ul>\n<p style=\"text-align: left;\">I miejsce dla Klaudii Kosiewicz z grupy Smerfy,<\/p>\n<p style=\"text-align: left;\">II miejsce dla Zofii Suskiej z grupy S\u0142oneczka,<\/p>\n<p style=\"text-align: left;\">III miejsce dla Zuzanny Puchalskiej z grupy Gumisie<\/p>\n<p style=\"text-align: left;\">Wyr\u00f3\u017cnienie dla Nadii Ochoci\u0144skiej z Dru\u017cyny Kubusia Puchatka.<\/p>\n<p>&nbsp;<\/p>\n<p>Gratulujemy wszystkim dzieciom.<\/p>\n<p>&nbsp;<\/p>\n<p><img loading=\"lazy\" decoding=\"async\" class=\"aligncenter size-full wp-image-1272\" src=\"http:\/\/serwer1633707.online.pro\/wp\/wp-content\/uploads\/2021\/03\/received_903038237120273.jpeg\" alt=\"\" width=\"800\" height=\"1088\" srcset=\"https:\/\/pp32wloclawek.pl\/wp-content\/uploads\/2021\/03\/received_903038237120273.jpeg 800w, https:\/\/pp32wloclawek.pl\/wp-content\/uploads\/2021\/03\/received_903038237120273-221x300.jpeg 221w, https:\/\/pp32wloclawek.pl\/wp-content\/uploads\/2021\/03\/received_903038237120273-768x1044.jpeg 768w, https:\/\/pp32wloclawek.pl\/wp-content\/uploads\/2021\/03\/received_903038237120273-753x1024.jpeg 753w, https:\/\/pp32wloclawek.pl\/wp-content\/uploads\/2021\/03\/received_903038237120273-400x544.jpeg 400w\" sizes=\"auto, (max-width: 800px) 100vw, 800px\" \/><\/p>\n<p>&nbsp;<\/p>\n<p><img loading=\"lazy\" decoding=\"async\" class=\"aligncenter size-full wp-image-1273\" src=\"http:\/\/serwer1633707.online.pro\/wp\/wp-content\/uploads\/2021\/03\/received_1044845822670971.jpeg\" alt=\"\" width=\"1296\" height=\"1740\" srcset=\"https:\/\/pp32wloclawek.pl\/wp-content\/uploads\/2021\/03\/received_1044845822670971.jpeg 1296w, https:\/\/pp32wloclawek.pl\/wp-content\/uploads\/2021\/03\/received_1044845822670971-223x300.jpeg 223w, https:\/\/pp32wloclawek.pl\/wp-content\/uploads\/2021\/03\/received_1044845822670971-768x1031.jpeg 768w, https:\/\/pp32wloclawek.pl\/wp-content\/uploads\/2021\/03\/received_1044845822670971-763x1024.jpeg 763w, https:\/\/pp32wloclawek.pl\/wp-content\/uploads\/2021\/03\/received_1044845822670971-400x537.jpeg 400w\" sizes=\"auto, (max-width: 1296px) 100vw, 1296px\" \/><\/p>\n<p>&nbsp;<\/p>\n<p><img loading=\"lazy\" decoding=\"async\" class=\"aligncenter size-full wp-image-1274\" src=\"http:\/\/serwer1633707.online.pro\/wp\/wp-content\/uploads\/2021\/03\/received_1170306893485582.jpeg\" alt=\"\" width=\"1296\" height=\"1740\" srcset=\"https:\/\/pp32wloclawek.pl\/wp-content\/uploads\/2021\/03\/received_1170306893485582.jpeg 1296w, https:\/\/pp32wloclawek.pl\/wp-content\/uploads\/2021\/03\/received_1170306893485582-223x300.jpeg 223w, https:\/\/pp32wloclawek.pl\/wp-content\/uploads\/2021\/03\/received_1170306893485582-768x1031.jpeg 768w, https:\/\/pp32wloclawek.pl\/wp-content\/uploads\/2021\/03\/received_1170306893485582-763x1024.jpeg 763w, https:\/\/pp32wloclawek.pl\/wp-content\/uploads\/2021\/03\/received_1170306893485582-400x537.jpeg 400w\" sizes=\"auto, (max-width: 1296px) 100vw, 1296px\" \/><\/p>\n<p>&nbsp;<\/p>\n<p>&nbsp;<\/p>\n<p>&nbsp;<\/p>\n<p><img loading=\"lazy\" decoding=\"async\" class=\"aligncenter size-full wp-image-1275\" src=\"http:\/\/serwer1633707.online.pro\/wp\/wp-content\/uploads\/2021\/03\/received_2522435611394819.jpeg\" alt=\"\" width=\"1296\" height=\"1740\" srcset=\"https:\/\/pp32wloclawek.pl\/wp-content\/uploads\/2021\/03\/received_2522435611394819.jpeg 1296w, https:\/\/pp32wloclawek.pl\/wp-content\/uploads\/2021\/03\/received_2522435611394819-223x300.jpeg 223w, https:\/\/pp32wloclawek.pl\/wp-content\/uploads\/2021\/03\/received_2522435611394819-768x1031.jpeg 768w, https:\/\/pp32wloclawek.pl\/wp-content\/uploads\/2021\/03\/received_2522435611394819-763x1024.jpeg 763w, https:\/\/pp32wloclawek.pl\/wp-content\/uploads\/2021\/03\/received_2522435611394819-400x537.jpeg 400w\" sizes=\"auto, (max-width: 1296px) 100vw, 1296px\" \/><\/p>\n<p>&#8212;&#8212;&#8212;&#8212;&#8212;&#8212;&#8212;&#8212;&#8212;&#8212;&#8212;&#8212;&#8212;&#8212;&#8212;&#8212;&#8212;&#8212;&#8212;&#8212;&#8212;&#8212;&#8212;&#8212;&#8212;&#8212;&#8212;&#8212;&#8212;&#8212;&#8212;&#8212;&#8212;&#8212;&#8212;&#8212;&#8212;&#8212;&#8212;&#8212;&#8212;&#8212;&#8212;&#8212;&#8212;&#8212;&#8212;&#8212;&#8212;&#8212;&#8212;&#8212;&#8212;&#8212;&#8212;&#8212;&#8212;&#8212;&#8212;&#8212;&#8212;&#8212;&#8212;&#8212;&#8212;&#8212;&#8212;&#8212;&#8212;&#8212;&#8212;&#8212;&#8212;&#8212;&#8212;<\/p>\n<p>Pierwsze miejsce i wyr\u00f3\u017cnienie dla dw\u00f3ch Krasnoludk\u00f3w w mi\u0119dzyprzedszkolnym konkursie cyfrowym<\/p>\n<p>\u201eM\u00f3j bezpieczny dom\u201d zorganizowanym przez Przedszkole Publiczne nr 13\ud83e\udd47\ud83c\udfc6Gratulujemy<\/p>\n<p>&nbsp;<\/p>\n<p><img loading=\"lazy\" decoding=\"async\" class=\"aligncenter size-full wp-image-1082\" src=\"http:\/\/serwer1633707.online.pro\/wp\/wp-content\/uploads\/2021\/03\/155294267_1558909114314691_7823231686140079627_n.jpg\" alt=\"\" width=\"960\" height=\"540\" srcset=\"https:\/\/pp32wloclawek.pl\/wp-content\/uploads\/2021\/03\/155294267_1558909114314691_7823231686140079627_n.jpg 960w, https:\/\/pp32wloclawek.pl\/wp-content\/uploads\/2021\/03\/155294267_1558909114314691_7823231686140079627_n-300x169.jpg 300w, https:\/\/pp32wloclawek.pl\/wp-content\/uploads\/2021\/03\/155294267_1558909114314691_7823231686140079627_n-768x432.jpg 768w, https:\/\/pp32wloclawek.pl\/wp-content\/uploads\/2021\/03\/155294267_1558909114314691_7823231686140079627_n-400x225.jpg 400w\" sizes=\"auto, (max-width: 960px) 100vw, 960px\" \/><\/p>\n<p>&nbsp;<\/p>\n<p>&nbsp;<\/p>\n","protected":false},"excerpt":{"rendered":"<p>Nagrody za udzia\u0142 w konkursie matematyczno-plastycznym pt. \u201eZimowy pejza\u017c z figur geometrycznych\u201d zorganizowanym przez Przedszkole Publiczne nr 13 \u201eS\u0142oneczny Domek\u201d: \u2b50\ufe0fNadia Grabowska- grupa Smerfy \u2b50\ufe0fIga Styczy\u0144ska- grupa Gumisie \u2b50\ufe0fTomasz Januszewski-&hellip;<\/p>\n<div class=\"read-more\"><a href=\"https:\/\/pp32wloclawek.pl\/?page_id=1342\" class=\"read-more-link\">czytaj wi\u0119cej&#8230;<\/a><\/div>\n","protected":false},"author":1,"featured_media":0,"parent":0,"menu_order":0,"comment_status":"closed","ping_status":"closed","template":"","meta":{"two_page_speed":[],"footnotes":""},"class_list":["post-1342","page","type-page","status-publish","hentry"],"_links":{"self":[{"href":"https:\/\/pp32wloclawek.pl\/index.php?rest_route=\/wp\/v2\/pages\/1342","targetHints":{"allow":["GET"]}}],"collection":[{"href":"https:\/\/pp32wloclawek.pl\/index.php?rest_route=\/wp\/v2\/pages"}],"about":[{"href":"https:\/\/pp32wloclawek.pl\/index.php?rest_route=\/wp\/v2\/types\/page"}],"author":[{"embeddable":true,"href":"https:\/\/pp32wloclawek.pl\/index.php?rest_route=\/wp\/v2\/users\/1"}],"replies":[{"embeddable":true,"href":"https:\/\/pp32wloclawek.pl\/index.php?rest_route=%2Fwp%2Fv2%2Fcomments&post=1342"}],"version-history":[{"count":9,"href":"https:\/\/pp32wloclawek.pl\/index.php?rest_route=\/wp\/v2\/pages\/1342\/revisions"}],"predecessor-version":[{"id":2669,"href":"https:\/\/pp32wloclawek.pl\/index.php?rest_route=\/wp\/v2\/pages\/1342\/revisions\/2669"}],"wp:attachment":[{"href":"https:\/\/pp32wloclawek.pl\/index.php?rest_route=%2Fwp%2Fv2%2Fmedia&parent=1342"}],"curies":[{"name":"wp","href":"https:\/\/api.w.org\/{rel}","templated":true}]}}